{"id":4559,"date":"2022-09-05T12:53:01","date_gmt":"2022-09-05T12:53:01","guid":{"rendered":"https:\/\/reddeapps.org\/?page_id=4559"},"modified":"2022-10-09T20:29:22","modified_gmt":"2022-10-09T20:29:22","slug":"congreso-2022","status":"publish","type":"page","link":"https:\/\/reddeapps.org\/pt\/sobre-la-red\/congreso-2022\/","title":{"rendered":"Congresso 2022"},"content":{"rendered":"<div data-elementor-type=\"wp-page\" data-elementor-id=\"4559\" class=\"elementor elementor-4559\">\n\t\t\t\t\t\t<section class=\"elementor-section elementor-top-section elementor-element elementor-element-1d35f1b8 elementor-section-full_width elementor-section-stretched elementor-section-height-default elementor-section-height-default\" data-id=\"1d35f1b8\" data-element_type=\"section\" data-settings=\"{&quot;stretch_section&quot;:&quot;section-stretched&quot;,&quot;background_background&quot;:&quot;classic&quot;}\">\n\t\t\t\t\t\t<div class=\"elementor-container elementor-column-gap-no\">\n\t\t\t\t\t<div class=\"elementor-column elementor-col-100 elementor-top-column elementor-element elementor-element-7e7b7491\" data-id=\"7e7b7491\" data-element_type=\"column\">\n\t\t\t<div class=\"elementor-widget-wrap elementor-element-populated\">\n\t\t\t\t\t\t<div class=\"elementor-element elementor-element-2308b7ea elementor-hidden-phone elementor--h-position-center elementor--v-position-middle elementor-arrows-position-inside elementor-pagination-position-inside elementor-widget elementor-widget-slides\" data-id=\"2308b7ea\" data-element_type=\"widget\" data-settings=\"{&quot;navigation&quot;:&quot;both&quot;,&quot;autoplay&quot;:&quot;yes&quot;,&quot;pause_on_hover&quot;:&quot;yes&quot;,&quot;pause_on_interaction&quot;:&quot;yes&quot;,&quot;autoplay_speed&quot;:5000,&quot;infinite&quot;:&quot;yes&quot;,&quot;transition&quot;:&quot;slide&quot;,&quot;transition_speed&quot;:500}\" data-widget_type=\"slides.default\">\n\t\t\t\t<div class=\"elementor-widget-container\">\n\t\t\t\t\t\t\t<div class=\"elementor-swiper\">\n\t\t\t<div class=\"elementor-slides-wrapper elementor-main-swiper swiper-container\" dir=\"ltr\" data-animation=\"fadeInUp\">\n\t\t\t\t<div class=\"swiper-wrapper elementor-slides\">\n\t\t\t\t\t\t\t\t\t\t<div class=\"elementor-repeater-item-e36977a swiper-slide\"><div class=\"swiper-slide-bg elementor-ken-burns elementor-ken-burns--in\" role=\"img\"><\/div><div class=\"swiper-slide-inner\" ><div class=\"swiper-slide-contents\"><\/div><\/div><\/div>\t\t\t\t<\/div>\n\t\t\t\t\t\t\t<\/div>\n\t\t<\/div>\n\t\t\t\t\t\t<\/div>\n\t\t\t\t<\/div>\n\t\t\t\t<div class=\"elementor-element elementor-element-2a1c9ecd elementor-hidden-desktop elementor-hidden-tablet elementor--h-position-center elementor--v-position-middle elementor-arrows-position-inside elementor-pagination-position-inside elementor-widget elementor-widget-slides\" data-id=\"2a1c9ecd\" data-element_type=\"widget\" data-settings=\"{&quot;navigation&quot;:&quot;both&quot;,&quot;autoplay&quot;:&quot;yes&quot;,&quot;pause_on_hover&quot;:&quot;yes&quot;,&quot;pause_on_interaction&quot;:&quot;yes&quot;,&quot;autoplay_speed&quot;:5000,&quot;infinite&quot;:&quot;yes&quot;,&quot;transition&quot;:&quot;slide&quot;,&quot;transition_speed&quot;:500}\" data-widget_type=\"slides.default\">\n\t\t\t\t<div class=\"elementor-widget-container\">\n\t\t\t\t\t\t\t<div class=\"elementor-swiper\">\n\t\t\t<div class=\"elementor-slides-wrapper elementor-main-swiper swiper-container\" dir=\"ltr\" data-animation=\"fadeInUp\">\n\t\t\t\t<div class=\"swiper-wrapper elementor-slides\">\n\t\t\t\t\t\t\t\t\t\t<div class=\"elementor-repeater-item-e36977a swiper-slide\"><div class=\"swiper-slide-bg elementor-ken-burns elementor-ken-burns--in\" role=\"img\"><\/div><div class=\"swiper-slide-inner\" ><div class=\"swiper-slide-contents\"><\/div><\/div><\/div>\t\t\t\t<\/div>\n\t\t\t\t\t\t\t<\/div>\n\t\t<\/div>\n\t\t\t\t\t\t<\/div>\n\t\t\t\t<\/div>\n\t\t\t\t\t<\/div>\n\t\t<\/div>\n\t\t\t\t\t<\/div>\n\t\t<\/section>\n\t\t\t\t<section class=\"elementor-section elementor-inner-section elementor-element elementor-element-29a6135b elementor-section-full_width elementor-section-height-default elementor-section-height-default\" data-id=\"29a6135b\" data-element_type=\"section\" data-settings=\"{&quot;background_background&quot;:&quot;classic&quot;}\">\n\t\t\t\t\t\t<div class=\"elementor-container elementor-column-gap-no\">\n\t\t\t\t\t\t<\/div>\n\t\t<\/section>\n\t\t\t\t<section class=\"elementor-section elementor-top-section elementor-element elementor-element-6668d0d1 elementor-section-stretched elementor-section-boxed elementor-section-height-default elementor-section-height-default\" data-id=\"6668d0d1\" data-element_type=\"section\" data-settings=\"{&quot;stretch_section&quot;:&quot;section-stretched&quot;,&quot;background_background&quot;:&quot;classic&quot;}\">\n\t\t\t\t\t\t<div class=\"elementor-container elementor-column-gap-default\">\n\t\t\t\t\t<div class=\"elementor-column elementor-col-100 elementor-top-column elementor-element elementor-element-602dbe6\" data-id=\"602dbe6\" data-element_type=\"column\">\n\t\t\t<div class=\"elementor-widget-wrap elementor-element-populated\">\n\t\t\t\t\t\t<div class=\"elementor-element elementor-element-6faa64a8 elementor-widget elementor-widget-heading\" data-id=\"6faa64a8\" data-element_type=\"widget\" data-widget_type=\"heading.default\">\n\t\t\t\t<div class=\"elementor-widget-container\">\n\t\t\t\t\t<h2 class=\"elementor-heading-title elementor-size-default\">Congresso PPP 2022<\/h2>\t\t\t\t<\/div>\n\t\t\t\t<\/div>\n\t\t\t\t<div class=\"elementor-element elementor-element-6425b154 elementor-widget elementor-widget-text-editor\" data-id=\"6425b154\" data-element_type=\"widget\" data-widget_type=\"text-editor.default\">\n\t\t\t\t<div class=\"elementor-widget-container\">\n\t\t\t\t\t\t\t\t\t<p>Segundo Congresso de An\u00e1lise e Boas Pr\u00e1ticas em Parcerias P\u00fablico-Privadas<\/p>\t\t\t\t\t\t\t\t<\/div>\n\t\t\t\t<\/div>\n\t\t\t\t<div class=\"elementor-element elementor-element-7cf8b50d elementor-widget-divider--view-line elementor-widget elementor-widget-divider\" data-id=\"7cf8b50d\" data-element_type=\"widget\" data-widget_type=\"divider.default\">\n\t\t\t\t<div class=\"elementor-widget-container\">\n\t\t\t\t\t\t\t<div class=\"elementor-divider\">\n\t\t\t<span class=\"elementor-divider-separator\">\n\t\t\t\t\t\t<\/span>\n\t\t<\/div>\n\t\t\t\t\t\t<\/div>\n\t\t\t\t<\/div>\n\t\t\t\t<div class=\"elementor-element elementor-element-5dce8c01 elementor-widget elementor-widget-text-editor\" data-id=\"5dce8c01\" data-element_type=\"widget\" data-widget_type=\"text-editor.default\">\n\t\t\t\t<div class=\"elementor-widget-container\">\n\t\t\t\t\t\t\t\t\t<p>Veja as apresenta\u00e7\u00f5es do Congresso PPP atrav\u00e9s dos v\u00eddeos a seguir, ou visite diretamente nosso<span style=\"color: #005274;\"> <a style=\"color: #005274;\" href=\"https:\/\/www.youtube.com\/channel\/UCCRFRMoC6-T0EspY1vnwJhA\" target=\"_blank\" rel=\"noopener\">canal no YouTube<\/a><\/span>.<\/p>\t\t\t\t\t\t\t\t<\/div>\n\t\t\t\t<\/div>\n\t\t\t\t\t<\/div>\n\t\t<\/div>\n\t\t\t\t\t<\/div>\n\t\t<\/section>\n\t\t\t\t<section class=\"elementor-section elementor-top-section elementor-element elementor-element-df0296f elementor-section-stretched elementor-section-boxed elementor-section-height-default elementor-section-height-default\" data-id=\"df0296f\" data-element_type=\"section\" data-settings=\"{&quot;stretch_section&quot;:&quot;section-stretched&quot;,&quot;background_background&quot;:&quot;classic&quot;}\" data-no-translation=\"\">\n\t\t\t\t\t\t<div class=\"elementor-container elementor-column-gap-default\">\n\t\t\t\t\t<div class=\"elementor-column elementor-col-33 elementor-top-column elementor-element elementor-element-37d267df\" data-id=\"37d267df\" data-element_type=\"column\">\n\t\t\t<div class=\"elementor-widget-wrap elementor-element-populated\">\n\t\t\t\t\t\t<div class=\"elementor-element elementor-element-668679c1 elementor-cta--skin-cover elementor-cta--valign-top elementor-widget elementor-widget-call-to-action\" data-id=\"668679c1\" data-element_type=\"widget\" data-widget_type=\"call-to-action.default\">\n\t\t\t\t<div class=\"elementor-widget-container\">\n\t\t\t\t\t\t\t<a class=\"elementor-cta\" href=\"https:\/\/youtu.be\/EHLYOQyNeUw\" target=\"_blank\">\n\t\t\t\t\t<div class=\"elementor-cta__bg-wrapper\">\n\t\t\t\t<div class=\"elementor-cta__bg elementor-bg\" style=\"background-image: url(https:\/\/reddeapps.org\/wp-content\/uploads\/2022\/09\/ima.video01.jpg);\" role=\"img\" aria-label=\"ima.video01\"><\/div>\n\t\t\t\t<div class=\"elementor-cta__bg-overlay\"><\/div>\n\t\t\t<\/div>\n\t\t\t\t\t\t\t<div class=\"elementor-cta__content\">\n\t\t\t\t\n\t\t\t\t\n\t\t\t\t\t\t\t\t\t<div class=\"elementor-cta__description elementor-cta__content-item elementor-content-item\">\n\t\t\t\t\t\tLi\u00e7\u00f5es aprendidas, desafios e oportunidades para <br>as PPPs na Am\u00e9rica Latina <br>e no Caribe\t\t\t\t\t<\/div>\n\t\t\t\t\n\t\t\t\t\t\t\t<\/div>\n\t\t\t\t\t\t<\/a>\n\t\t\t\t\t\t<\/div>\n\t\t\t\t<\/div>\n\t\t\t\t<div class=\"elementor-element elementor-element-7017fa77 elementor-cta--skin-cover elementor-cta--valign-top elementor-widget elementor-widget-call-to-action\" data-id=\"7017fa77\" data-element_type=\"widget\" data-widget_type=\"call-to-action.default\">\n\t\t\t\t<div class=\"elementor-widget-container\">\n\t\t\t\t\t\t\t<a class=\"elementor-cta\" href=\"https:\/\/youtu.be\/i-RT0mLZmgc\" target=\"_blank\">\n\t\t\t\t\t<div class=\"elementor-cta__bg-wrapper\">\n\t\t\t\t<div class=\"elementor-cta__bg elementor-bg\" style=\"background-image: url(https:\/\/reddeapps.org\/wp-content\/uploads\/2022\/09\/ima.video04.jpg);\" role=\"img\" aria-label=\"ima.video04\"><\/div>\n\t\t\t\t<div class=\"elementor-cta__bg-overlay\"><\/div>\n\t\t\t<\/div>\n\t\t\t\t\t\t\t<div class=\"elementor-cta__content\">\n\t\t\t\t\n\t\t\t\t\n\t\t\t\t\t\t\t\t\t<div class=\"elementor-cta__description elementor-cta__content-item elementor-content-item\">\n\t\t\t\t\t\tConcorr\u00eancia<br> e transpar\u00eancia<br> nas PPPs: <br>resolvendo gargalos\t\t\t\t\t<\/div>\n\t\t\t\t\n\t\t\t\t\t\t\t<\/div>\n\t\t\t\t\t\t<\/a>\n\t\t\t\t\t\t<\/div>\n\t\t\t\t<\/div>\n\t\t\t\t<div class=\"elementor-element elementor-element-736ef120 elementor-cta--skin-cover elementor-cta--valign-top elementor-widget elementor-widget-call-to-action\" data-id=\"736ef120\" data-element_type=\"widget\" data-widget_type=\"call-to-action.default\">\n\t\t\t\t<div class=\"elementor-widget-container\">\n\t\t\t\t\t\t\t<a class=\"elementor-cta\" href=\"https:\/\/youtu.be\/KFf52D0FJcY\" target=\"_blank\">\n\t\t\t\t\t<div class=\"elementor-cta__bg-wrapper\">\n\t\t\t\t<div class=\"elementor-cta__bg elementor-bg\" style=\"background-image: url(https:\/\/reddeapps.org\/wp-content\/uploads\/2022\/09\/ima.video07.jpg);\" role=\"img\" aria-label=\"ima.video07\"><\/div>\n\t\t\t\t<div class=\"elementor-cta__bg-overlay\"><\/div>\n\t\t\t<\/div>\n\t\t\t\t\t\t\t<div class=\"elementor-cta__content\">\n\t\t\t\t\n\t\t\t\t\n\t\t\t\t\t\t\t\t\t<div class=\"elementor-cta__description elementor-cta__content-item elementor-content-item\">\n\t\t\t\t\t\tAprendendo com <br>as melhores pr\u00e1ticas internacionais:<br> Infrastructure Australia\t\t\t\t\t<\/div>\n\t\t\t\t\n\t\t\t\t\t\t\t<\/div>\n\t\t\t\t\t\t<\/a>\n\t\t\t\t\t\t<\/div>\n\t\t\t\t<\/div>\n\t\t\t\t\t<\/div>\n\t\t<\/div>\n\t\t\t\t<div class=\"elementor-column elementor-col-33 elementor-top-column elementor-element elementor-element-11077bfc\" data-id=\"11077bfc\" data-element_type=\"column\">\n\t\t\t<div class=\"elementor-widget-wrap elementor-element-populated\">\n\t\t\t\t\t\t<div class=\"elementor-element elementor-element-9892cb elementor-cta--skin-cover elementor-cta--valign-top elementor-widget elementor-widget-call-to-action\" data-id=\"9892cb\" data-element_type=\"widget\" data-widget_type=\"call-to-action.default\">\n\t\t\t\t<div class=\"elementor-widget-container\">\n\t\t\t\t\t\t\t<a class=\"elementor-cta\" href=\"https:\/\/youtu.be\/VDHpniJFc_o\" target=\"_blank\">\n\t\t\t\t\t<div class=\"elementor-cta__bg-wrapper\">\n\t\t\t\t<div class=\"elementor-cta__bg elementor-bg\" style=\"background-image: url(https:\/\/reddeapps.org\/wp-content\/uploads\/2022\/09\/ima.video02.jpg);\" role=\"img\" aria-label=\"ima.video02\"><\/div>\n\t\t\t\t<div class=\"elementor-cta__bg-overlay\"><\/div>\n\t\t\t<\/div>\n\t\t\t\t\t\t\t<div class=\"elementor-cta__content\">\n\t\t\t\t\n\t\t\t\t\n\t\t\t\t\t\t\t\t\t<div class=\"elementor-cta__description elementor-cta__content-item elementor-content-item\">\n\t\t\t\t\t\tInova\u00e7\u00e3o e PPPs:<br> novos instrumentos<br> de financiamento\t\t\t\t\t<\/div>\n\t\t\t\t\n\t\t\t\t\t\t\t<\/div>\n\t\t\t\t\t\t<\/a>\n\t\t\t\t\t\t<\/div>\n\t\t\t\t<\/div>\n\t\t\t\t<div class=\"elementor-element elementor-element-3410b320 elementor-cta--skin-cover elementor-cta--valign-top elementor-widget elementor-widget-call-to-action\" data-id=\"3410b320\" data-element_type=\"widget\" data-widget_type=\"call-to-action.default\">\n\t\t\t\t<div class=\"elementor-widget-container\">\n\t\t\t\t\t\t\t<a class=\"elementor-cta\" href=\"https:\/\/youtu.be\/HrolIYzV09g\" target=\"_blank\">\n\t\t\t\t\t<div class=\"elementor-cta__bg-wrapper\">\n\t\t\t\t<div class=\"elementor-cta__bg elementor-bg\" style=\"background-image: url(https:\/\/reddeapps.org\/wp-content\/uploads\/2022\/09\/ima.video05.jpg);\" role=\"img\" aria-label=\"ima.video05\"><\/div>\n\t\t\t\t<div class=\"elementor-cta__bg-overlay\"><\/div>\n\t\t\t<\/div>\n\t\t\t\t\t\t\t<div class=\"elementor-cta__content\">\n\t\t\t\t\n\t\t\t\t\n\t\t\t\t\t\t\t\t\t<div class=\"elementor-cta__description elementor-cta__content-item elementor-content-item\">\n\t\t\t\t\t\tSustentabilidade e PPPs: <br>a sustentabilidade como espinha dorsal <br>da prepara\u00e7\u00e3o<br> e do financiamento\t\t\t\t\t<\/div>\n\t\t\t\t\n\t\t\t\t\t\t\t<\/div>\n\t\t\t\t\t\t<\/a>\n\t\t\t\t\t\t<\/div>\n\t\t\t\t<\/div>\n\t\t\t\t\t<\/div>\n\t\t<\/div>\n\t\t\t\t<div class=\"elementor-column elementor-col-33 elementor-top-column elementor-element elementor-element-6551ecfb\" data-id=\"6551ecfb\" data-element_type=\"column\">\n\t\t\t<div class=\"elementor-widget-wrap elementor-element-populated\">\n\t\t\t\t\t\t<div class=\"elementor-element elementor-element-201d16 elementor-cta--skin-cover elementor-cta--valign-top elementor-widget elementor-widget-call-to-action\" data-id=\"201d16\" data-element_type=\"widget\" data-widget_type=\"call-to-action.default\">\n\t\t\t\t<div class=\"elementor-widget-container\">\n\t\t\t\t\t\t\t<a class=\"elementor-cta\" href=\"https:\/\/youtu.be\/qiqGypsaU3g\" target=\"_blank\">\n\t\t\t\t\t<div class=\"elementor-cta__bg-wrapper\">\n\t\t\t\t<div class=\"elementor-cta__bg elementor-bg\" style=\"background-image: url(https:\/\/reddeapps.org\/wp-content\/uploads\/2022\/09\/ima.video03.jpg);\" role=\"img\" aria-label=\"ima.video03\"><\/div>\n\t\t\t\t<div class=\"elementor-cta__bg-overlay\"><\/div>\n\t\t\t<\/div>\n\t\t\t\t\t\t\t<div class=\"elementor-cta__content\">\n\t\t\t\t\n\t\t\t\t\n\t\t\t\t\t\t\t\t\t<div class=\"elementor-cta__description elementor-cta__content-item elementor-content-item\">\n\t\t\t\t\t\tInfraestrutura social<br> e PPPs: desempenho <br>e impacto em setores emergentes\t\t\t\t\t<\/div>\n\t\t\t\t\n\t\t\t\t\t\t\t<\/div>\n\t\t\t\t\t\t<\/a>\n\t\t\t\t\t\t<\/div>\n\t\t\t\t<\/div>\n\t\t\t\t<div class=\"elementor-element elementor-element-214d11e3 elementor-cta--skin-cover elementor-cta--valign-top elementor-widget elementor-widget-call-to-action\" data-id=\"214d11e3\" data-element_type=\"widget\" data-widget_type=\"call-to-action.default\">\n\t\t\t\t<div class=\"elementor-widget-container\">\n\t\t\t\t\t\t\t<a class=\"elementor-cta\" href=\"https:\/\/youtu.be\/SUXzwcBNeX8\" target=\"_blank\">\n\t\t\t\t\t<div class=\"elementor-cta__bg-wrapper\">\n\t\t\t\t<div class=\"elementor-cta__bg elementor-bg\" style=\"background-image: url(https:\/\/reddeapps.org\/wp-content\/uploads\/2022\/09\/ima.video06.jpg);\" role=\"img\" aria-label=\"ima.video06\"><\/div>\n\t\t\t\t<div class=\"elementor-cta__bg-overlay\"><\/div>\n\t\t\t<\/div>\n\t\t\t\t\t\t\t<div class=\"elementor-cta__content\">\n\t\t\t\t\n\t\t\t\t\n\t\t\t\t\t\t\t\t\t<div class=\"elementor-cta__description elementor-cta__content-item elementor-content-item\">\n\t\t\t\t\t\tG\u00eanero, Participa\u00e7\u00e3o Cidad\u00e3 e PPPs: promovendo<br> o desenvolvimento<br> de infraestrutura inclusiva\t\t\t\t\t<\/div>\n\t\t\t\t\n\t\t\t\t\t\t\t<\/div>\n\t\t\t\t\t\t<\/a>\n\t\t\t\t\t\t<\/div>\n\t\t\t\t<\/div>\n\t\t\t\t\t<\/div>\n\t\t<\/div>\n\t\t\t\t\t<\/div>\n\t\t<\/section>\n\t\t\t\t<section class=\"elementor-section elementor-top-section elementor-element elementor-element-c7fef50 elementor-section-stretched elementor-section-boxed elementor-section-height-default elementor-section-height-default\" data-id=\"c7fef50\" data-element_type=\"section\" data-settings=\"{&quot;stretch_section&quot;:&quot;section-stretched&quot;}\">\n\t\t\t\t\t\t<div class=\"elementor-container elementor-column-gap-default\">\n\t\t\t\t\t<div class=\"elementor-column elementor-col-100 elementor-top-column elementor-element elementor-element-43c9ba7e\" data-id=\"43c9ba7e\" data-element_type=\"column\">\n\t\t\t<div class=\"elementor-widget-wrap elementor-element-populated\">\n\t\t\t\t\t\t<div class=\"elementor-element elementor-element-76219eb6 elementor-widget elementor-widget-text-editor\" data-id=\"76219eb6\" data-element_type=\"widget\" data-widget_type=\"text-editor.default\">\n\t\t\t\t<div class=\"elementor-widget-container\">\n\t\t\t\t\t\t\t\t\t<p>Os resultados da consulta p\u00fablica anual a governos regionais, junto com os produtos de pesquisa elaborados a partir das demandas por conhecimento manifestadas na consulta, s\u00e3o apresentados anualmente no congresso sobre An\u00e1lise e Boas Pr\u00e1ticas no desenvolvimento de Parcerias P\u00fablico Privadas na regi\u00e3o (Congresso PPP).<\/p><p>O Congresso \u00e9 um lugar de encontro da Rede, onde s\u00e3o convidados a participar desenvolvedores de pol\u00edticas da regi\u00e3o, respons\u00e1veis e t\u00e9cnicos das unidades PPP na ALC, assim como acad\u00eamicos e pesquisadores no \u00e2mbito do desenvolvimento de infraestrutura e PPPs.<\/p>\t\t\t\t\t\t\t\t<\/div>\n\t\t\t\t<\/div>\n\t\t\t\t\t<\/div>\n\t\t<\/div>\n\t\t\t\t\t<\/div>\n\t\t<\/section>\n\t\t\t\t<\/div>","protected":false},"excerpt":{"rendered":"<p>CONGRESO APP 2022 Segundo Congreso de An\u00e1lisis y Buenas Pr\u00e1cticas en Asociaciones P\u00fablico-Privadas Vea las presentaciones del Congreso APP a trav\u00e9s de los siguientes videos, o directamente visita nuestro canal&hellip; <\/p>","protected":false},"author":1,"featured_media":0,"parent":161,"menu_order":0,"comment_status":"closed","ping_status":"closed","template":"","meta":{"_coblocks_attr":"","_coblocks_dimensions":"","_coblocks_responsive_height":"","_coblocks_accordion_ie_support":"","inline_featured_image":false,"footnotes":"","_links_to":"","_links_to_target":""},"class_list":["post-4559","page","type-page","status-publish","hentry"],"yoast_head":"<!-- This site is optimized with the Yoast SEO plugin v20.8 - https:\/\/yoast.com\/wordpress\/plugins\/seo\/ -->\n<title>Red App - Congreso 2022<\/title>\n<meta name=\"robots\" content=\"index, follow, max-snippet:-1, max-image-preview:large, max-video-preview:-1\" \/>\n<link rel=\"canonical\" href=\"https:\/\/reddeapps.org\/pt\/sobre-la-red\/congreso-2022\/\" \/>\n<meta property=\"og:locale\" content=\"pt_BR\" \/>\n<meta property=\"og:type\" content=\"article\" \/>\n<meta property=\"og:title\" content=\"Red App - Congreso 2022\" \/>\n<meta property=\"og:description\" content=\"CONGRESO APP 2022 Segundo Congreso de An\u00e1lisis y Buenas Pr\u00e1cticas en Asociaciones P\u00fablico-Privadas Vea las presentaciones del Congreso APP a trav\u00e9s de los siguientes videos, o directamente visita nuestro canal&hellip;\" \/>\n<meta property=\"og:url\" content=\"https:\/\/reddeapps.org\/pt\/sobre-la-red\/congreso-2022\/\" \/>\n<meta property=\"og:site_name\" content=\"Reddeapps\" \/>\n<meta property=\"article:modified_time\" content=\"2022-10-09T20:29:22+00:00\" \/>\n<meta name=\"twitter:card\" content=\"summary_large_image\" \/>\n<meta name=\"twitter:label1\" content=\"Est. tempo de leitura\" \/>\n\t<meta name=\"twitter:data1\" content=\"2 minutos\" \/>\n<script type=\"application\/ld+json\" class=\"yoast-schema-graph\">{\"@context\":\"https:\/\/schema.org\",\"@graph\":[{\"@type\":\"WebPage\",\"@id\":\"https:\/\/reddeapps.org\/sobre-la-red\/congreso-2022\/\",\"url\":\"https:\/\/reddeapps.org\/sobre-la-red\/congreso-2022\/\",\"name\":\"Red App - Congreso 2022\",\"isPartOf\":{\"@id\":\"https:\/\/reddeapps.org\/#website\"},\"datePublished\":\"2022-09-05T12:53:01+00:00\",\"dateModified\":\"2022-10-09T20:29:22+00:00\",\"breadcrumb\":{\"@id\":\"https:\/\/reddeapps.org\/sobre-la-red\/congreso-2022\/#breadcrumb\"},\"inLanguage\":\"pt-BR\",\"potentialAction\":[{\"@type\":\"ReadAction\",\"target\":[\"https:\/\/reddeapps.org\/sobre-la-red\/congreso-2022\/\"]}]},{\"@type\":\"BreadcrumbList\",\"@id\":\"https:\/\/reddeapps.org\/sobre-la-red\/congreso-2022\/#breadcrumb\",\"itemListElement\":[{\"@type\":\"ListItem\",\"position\":1,\"name\":\"Home\",\"item\":\"https:\/\/reddeapps.org\/\"},{\"@type\":\"ListItem\",\"position\":2,\"name\":\"Sobre la RED\",\"item\":\"https:\/\/reddeapps.org\/en\/sobre-la-red\/\"},{\"@type\":\"ListItem\",\"position\":3,\"name\":\"Congreso 2022\"}]},{\"@type\":\"WebSite\",\"@id\":\"https:\/\/reddeapps.org\/#website\",\"url\":\"https:\/\/reddeapps.org\/\",\"name\":\"Reddeapps\",\"description\":\"\",\"publisher\":{\"@id\":\"https:\/\/reddeapps.org\/#organization\"},\"potentialAction\":[{\"@type\":\"SearchAction\",\"target\":{\"@type\":\"EntryPoint\",\"urlTemplate\":\"https:\/\/reddeapps.org\/?s={search_term_string}\"},\"query-input\":\"required name=search_term_string\"}],\"inLanguage\":\"pt-BR\"},{\"@type\":\"Organization\",\"@id\":\"https:\/\/reddeapps.org\/#organization\",\"name\":\"Reddeapps\",\"url\":\"https:\/\/reddeapps.org\/\",\"logo\":{\"@type\":\"ImageObject\",\"inLanguage\":\"pt-BR\",\"@id\":\"https:\/\/reddeapps.org\/#\/schema\/logo\/image\/\",\"url\":\"https:\/\/reddeapps.org\/wp-content\/uploads\/2020\/09\/Red-APP-Logo-02-e1600316706796.png\",\"contentUrl\":\"https:\/\/reddeapps.org\/wp-content\/uploads\/2020\/09\/Red-APP-Logo-02-e1600316706796.png\",\"width\":125,\"height\":62,\"caption\":\"Reddeapps\"},\"image\":{\"@id\":\"https:\/\/reddeapps.org\/#\/schema\/logo\/image\/\"}}]}<\/script>\n<!-- \/ Yoast SEO plugin. -->","yoast_head_json":{"title":"Red App - Congreso 2022","robots":{"index":"index","follow":"follow","max-snippet":"max-snippet:-1","max-image-preview":"max-image-preview:large","max-video-preview":"max-video-preview:-1"},"canonical":"https:\/\/reddeapps.org\/pt\/sobre-la-red\/congreso-2022\/","og_locale":"pt_BR","og_type":"article","og_title":"Red App - Congreso 2022","og_description":"CONGRESO APP 2022 Segundo Congreso de An\u00e1lisis y Buenas Pr\u00e1cticas en Asociaciones P\u00fablico-Privadas Vea las presentaciones del Congreso APP a trav\u00e9s de los siguientes videos, o directamente visita nuestro canal&hellip;","og_url":"https:\/\/reddeapps.org\/pt\/sobre-la-red\/congreso-2022\/","og_site_name":"Reddeapps","article_modified_time":"2022-10-09T20:29:22+00:00","twitter_card":"summary_large_image","twitter_misc":{"Est. tempo de leitura":"2 minutos"},"schema":{"@context":"https:\/\/schema.org","@graph":[{"@type":"WebPage","@id":"https:\/\/reddeapps.org\/sobre-la-red\/congreso-2022\/","url":"https:\/\/reddeapps.org\/sobre-la-red\/congreso-2022\/","name":"Red App - Congreso 2022","isPartOf":{"@id":"https:\/\/reddeapps.org\/#website"},"datePublished":"2022-09-05T12:53:01+00:00","dateModified":"2022-10-09T20:29:22+00:00","breadcrumb":{"@id":"https:\/\/reddeapps.org\/sobre-la-red\/congreso-2022\/#breadcrumb"},"inLanguage":"pt-BR","potentialAction":[{"@type":"ReadAction","target":["https:\/\/reddeapps.org\/sobre-la-red\/congreso-2022\/"]}]},{"@type":"BreadcrumbList","@id":"https:\/\/reddeapps.org\/sobre-la-red\/congreso-2022\/#breadcrumb","itemListElement":[{"@type":"ListItem","position":1,"name":"Home","item":"https:\/\/reddeapps.org\/"},{"@type":"ListItem","position":2,"name":"Sobre la RED","item":"https:\/\/reddeapps.org\/en\/sobre-la-red\/"},{"@type":"ListItem","position":3,"name":"Congreso 2022"}]},{"@type":"WebSite","@id":"https:\/\/reddeapps.org\/#website","url":"https:\/\/reddeapps.org\/","name":"Reddeapps","description":"","publisher":{"@id":"https:\/\/reddeapps.org\/#organization"},"potentialAction":[{"@type":"SearchAction","target":{"@type":"EntryPoint","urlTemplate":"https:\/\/reddeapps.org\/?s={search_term_string}"},"query-input":"required name=search_term_string"}],"inLanguage":"pt-BR"},{"@type":"Organization","@id":"https:\/\/reddeapps.org\/#organization","name":"Reddeapps","url":"https:\/\/reddeapps.org\/","logo":{"@type":"ImageObject","inLanguage":"pt-BR","@id":"https:\/\/reddeapps.org\/#\/schema\/logo\/image\/","url":"https:\/\/reddeapps.org\/wp-content\/uploads\/2020\/09\/Red-APP-Logo-02-e1600316706796.png","contentUrl":"https:\/\/reddeapps.org\/wp-content\/uploads\/2020\/09\/Red-APP-Logo-02-e1600316706796.png","width":125,"height":62,"caption":"Reddeapps"},"image":{"@id":"https:\/\/reddeapps.org\/#\/schema\/logo\/image\/"}}]}},"_links":{"self":[{"href":"https:\/\/reddeapps.org\/pt\/wp-json\/wp\/v2\/pages\/4559","targetHints":{"allow":["GET"]}}],"collection":[{"href":"https:\/\/reddeapps.org\/pt\/wp-json\/wp\/v2\/pages"}],"about":[{"href":"https:\/\/reddeapps.org\/pt\/wp-json\/wp\/v2\/types\/page"}],"author":[{"embeddable":true,"href":"https:\/\/reddeapps.org\/pt\/wp-json\/wp\/v2\/users\/1"}],"replies":[{"embeddable":true,"href":"https:\/\/reddeapps.org\/pt\/wp-json\/wp\/v2\/comments?post=4559"}],"version-history":[{"count":2,"href":"https:\/\/reddeapps.org\/pt\/wp-json\/wp\/v2\/pages\/4559\/revisions"}],"predecessor-version":[{"id":4598,"href":"https:\/\/reddeapps.org\/pt\/wp-json\/wp\/v2\/pages\/4559\/revisions\/4598"}],"up":[{"embeddable":true,"href":"https:\/\/reddeapps.org\/pt\/wp-json\/wp\/v2\/pages\/161"}],"wp:attachment":[{"href":"https:\/\/reddeapps.org\/pt\/wp-json\/wp\/v2\/media?parent=4559"}],"curies":[{"name":"wp","href":"https:\/\/api.w.org\/{rel}","templated":true}]}}